{"id":3374,"date":"2017-03-14T22:38:04","date_gmt":"2017-03-14T21:38:04","guid":{"rendered":"http:\/\/www.atleticaverbano.it\/wp\/?page_id=3374"},"modified":"2024-12-19T16:00:05","modified_gmt":"2024-12-19T15:00:05","slug":"le-origini","status":"publish","type":"page","link":"https:\/\/www.atleticaverbano.it\/?page_id=3374","title":{"rendered":"Le origini"},"content":{"rendered":"\n<p>Da una costola del Gruppo Marciatori Inda, i cui colori sociali erano bianco e blu, con il nome di \u00a0<strong>Atletica Galbar<\/strong>, e grazie alla collaborazione di Severino Traversi ed i fratelli Gallio, titolari della ditta Galbar,\u00a0inizia la storia di Atletica Verbano&#8230;era il <strong>13 Dicembre\u00a01984!<\/strong><\/p>\n\n\n\n<figure class=\"wp-block-image size-full\"><img fetchpriority=\"high\" decoding=\"async\" width=\"867\" height=\"576\" src=\"https:\/\/www.atleticaverbano.it\/wp-content\/uploads\/2017\/03\/fotostoria1.gif\" alt=\"\" class=\"wp-image-4226\"\/><\/figure>\n\n\n\n<p>Con ben 32 iscritti, sede societaria a Cittiglio, <strong>colori sociali bianco-azzurri<\/strong> e Vittorio Ciresa come presidente, si iniziano a scrivere le pagine della nostra storia. Si presenzia soprattutto alle gare del PDO (Piede d\u2019Oro), e a breve si finisce col debuttare e spaziare anche sulle lunghe distanze quali maratona e maratonine.<\/p>\n\n\n\n<p>Nel 1987, con poco meno di 50 iscritti Ugo Fantoni subentra alla carica di presidente, la societ\u00e0 inizia a partecipare anche a vari campionati italiani di societ\u00e0,&nbsp;come il Campionato Italiano di corsa campestre a Borgaretto (To) e al Campionato Regionale di maratonina a Cernusco Lombardore.<br>\n<strong>Il 1987 rimarr\u00e0 per sempre nella storia di AV,&nbsp; per la prima volta la societ\u00e0 si fa carico interamente dell&#8217;organizzazione della Cittiglio-Vararo, la nostra gara regina.<\/strong><\/p>\n\n\n\n<figure class=\"wp-block-image size-large\"><img decoding=\"async\" width=\"1024\" height=\"508\" src=\"https:\/\/www.atleticaverbano.it\/wp-content\/uploads\/2017\/03\/WhatsApp-Image-2017-11-25-at-10.21.31-1-1024x508.jpeg\" alt=\"\" class=\"wp-image-3791\" srcset=\"https:\/\/www.atleticaverbano.it\/wp-content\/uploads\/2017\/03\/WhatsApp-Image-2017-11-25-at-10.21.31-1-1024x508.jpeg 1024w, https:\/\/www.atleticaverbano.it\/wp-content\/uploads\/2017\/03\/WhatsApp-Image-2017-11-25-at-10.21.31-1-300x149.jpeg 300w, https:\/\/www.atleticaverbano.it\/wp-content\/uploads\/2017\/03\/WhatsApp-Image-2017-11-25-at-10.21.31-1-768x381.jpeg 768w, https:\/\/www.atleticaverbano.it\/wp-content\/uploads\/2017\/03\/WhatsApp-Image-2017-11-25-at-10.21.31-1-1536x761.jpeg 1536w, https:\/\/www.atleticaverbano.it\/wp-content\/uploads\/2017\/03\/WhatsApp-Image-2017-11-25-at-10.21.31-1-150x74.jpeg 150w, https:\/\/www.atleticaverbano.it\/wp-content\/uploads\/2017\/03\/WhatsApp-Image-2017-11-25-at-10.21.31-1-450x223.jpeg 450w, https:\/\/www.atleticaverbano.it\/wp-content\/uploads\/2017\/03\/WhatsApp-Image-2017-11-25-at-10.21.31-1-1200x595.jpeg 1200w, https:\/\/www.atleticaverbano.it\/wp-content\/uploads\/2017\/03\/WhatsApp-Image-2017-11-25-at-10.21.31-1.jpeg 1600w\" sizes=\"(max-width: 1024px) 100vw, 1024px\" \/><\/figure>\n\n\n\n<p>Nel 1990 cessa il rapporto di collaborazione con Galbar. Con il subentro del nuovo sponsor, portato da Giorgio Girardi, titolare di un negozio di articoli sportivi di Cassano Magnago, cambiano i <strong>colori sociali che diventano nero e fucsia ed il nome, che diviene Team Marathon. <\/strong>Tutto questo non ferma gli atleti a portare sempre pi\u00f9 in alto, ai vertici delle classifiche, il nome\u00a0<span style=\"font-size: 1.125rem;\">della societ\u00e0.<\/span><\/p>\n\n\n\n<p>Nel 1991 la quota iscritti sfiora i 90 con una&nbsp;allora memorabile partecipazione, di ben 20 atleti, alla Stramilano.<\/p>\n\n\n\n<p><strong>Arriviamo nel 1992, <\/strong>orfana di sponsor viene deciso di <strong>rinominare la societ\u00e0 in ATLETICA VERBANO,<\/strong> nei colori sociali il NERO lascia, nel giro di qualche stagione, il posto al BIANCO e si sfoggiano canotte gara <strong>BIANCO-FUCSIA<\/strong>.<\/p>\n\n\n\n<figure class=\"wp-block-image size-large\"><img decoding=\"async\" width=\"1024\" height=\"691\" src=\"https:\/\/www.atleticaverbano.it\/wp-content\/uploads\/2017\/03\/WhatsApp-Image-2017-11-25-at-10.21.31-1024x691.jpeg\" alt=\"\" class=\"wp-image-4230\" srcset=\"https:\/\/www.atleticaverbano.it\/wp-content\/uploads\/2017\/03\/WhatsApp-Image-2017-11-25-at-10.21.31-1024x691.jpeg 1024w, https:\/\/www.atleticaverbano.it\/wp-content\/uploads\/2017\/03\/WhatsApp-Image-2017-11-25-at-10.21.31-300x202.jpeg 300w, https:\/\/www.atleticaverbano.it\/wp-content\/uploads\/2017\/03\/WhatsApp-Image-2017-11-25-at-10.21.31-768x518.jpeg 768w, https:\/\/www.atleticaverbano.it\/wp-content\/uploads\/2017\/03\/WhatsApp-Image-2017-11-25-at-10.21.31-1536x1036.jpeg 1536w, https:\/\/www.atleticaverbano.it\/wp-content\/uploads\/2017\/03\/WhatsApp-Image-2017-11-25-at-10.21.31-150x101.jpeg 150w, https:\/\/www.atleticaverbano.it\/wp-content\/uploads\/2017\/03\/WhatsApp-Image-2017-11-25-at-10.21.31-450x303.jpeg 450w, https:\/\/www.atleticaverbano.it\/wp-content\/uploads\/2017\/03\/WhatsApp-Image-2017-11-25-at-10.21.31-1200x809.jpeg 1200w, https:\/\/www.atleticaverbano.it\/wp-content\/uploads\/2017\/03\/WhatsApp-Image-2017-11-25-at-10.21.31.jpeg 1600w\" sizes=\"(max-width: 1024px) 100vw, 1024px\" \/><\/figure>\n\n\n\n<p>Appare sulle canotte e divise gare il <strong>primo e storico logo AV<\/strong> che ci accompagner\u00e0 fino ai giorni nostri.<\/p>\n\n\n\n<figure class=\"wp-block-image size-large\"><img loading=\"lazy\" decoding=\"async\" width=\"719\" height=\"1024\" src=\"https:\/\/www.atleticaverbano.it\/wp-content\/uploads\/2017\/03\/WhatsApp-Image-2017-11-25-at-10.21.30-719x1024.jpeg\" alt=\"\" class=\"wp-image-3786\" srcset=\"https:\/\/www.atleticaverbano.it\/wp-content\/uploads\/2017\/03\/WhatsApp-Image-2017-11-25-at-10.21.30-719x1024.jpeg 719w, https:\/\/www.atleticaverbano.it\/wp-content\/uploads\/2017\/03\/WhatsApp-Image-2017-11-25-at-10.21.30-211x300.jpeg 211w, https:\/\/www.atleticaverbano.it\/wp-content\/uploads\/2017\/03\/WhatsApp-Image-2017-11-25-at-10.21.30-768x1093.jpeg 768w, https:\/\/www.atleticaverbano.it\/wp-content\/uploads\/2017\/03\/WhatsApp-Image-2017-11-25-at-10.21.30-150x214.jpeg 150w, https:\/\/www.atleticaverbano.it\/wp-content\/uploads\/2017\/03\/WhatsApp-Image-2017-11-25-at-10.21.30-450x641.jpeg 450w, https:\/\/www.atleticaverbano.it\/wp-content\/uploads\/2017\/03\/WhatsApp-Image-2017-11-25-at-10.21.30.jpeg 1032w\" sizes=\"(max-width: 719px) 100vw, 719px\" \/><\/figure>\n\n\n\n<p>Sempre pi\u00f9 intensa diventa la partecipazione alle gare del PDO; alle classiche distanze (mezze e maratone), si affiancano presto nuove sfide come la 24 h in pista, la corsa in montagna, con tanti ed indimenticabili campionati provinciali.<\/p>\n\n\n\n<p>Finalmente <strong>nel 1998&nbsp;si passa definitivamente ai colori sociali attuali, il BIANCO-ROSSO<\/strong>\u2026uguali al main sponsor di allora.<\/p>\n\n\n\n<figure class=\"wp-block-image size-large\"><img loading=\"lazy\" decoding=\"async\" width=\"1024\" height=\"768\" src=\"https:\/\/www.atleticaverbano.it\/wp-content\/uploads\/2017\/03\/WhatsApp-Image-2017-11-24-at-23.44.42-1024x768.jpeg\" alt=\"\" class=\"wp-image-3790\" srcset=\"https:\/\/www.atleticaverbano.it\/wp-content\/uploads\/2017\/03\/WhatsApp-Image-2017-11-24-at-23.44.42-1024x768.jpeg 1024w, https:\/\/www.atleticaverbano.it\/wp-content\/uploads\/2017\/03\/WhatsApp-Image-2017-11-24-at-23.44.42-300x225.jpeg 300w, https:\/\/www.atleticaverbano.it\/wp-content\/uploads\/2017\/03\/WhatsApp-Image-2017-11-24-at-23.44.42-768x576.jpeg 768w, https:\/\/www.atleticaverbano.it\/wp-content\/uploads\/2017\/03\/WhatsApp-Image-2017-11-24-at-23.44.42-1536x1152.jpeg 1536w, https:\/\/www.atleticaverbano.it\/wp-content\/uploads\/2017\/03\/WhatsApp-Image-2017-11-24-at-23.44.42-150x113.jpeg 150w, https:\/\/www.atleticaverbano.it\/wp-content\/uploads\/2017\/03\/WhatsApp-Image-2017-11-24-at-23.44.42-450x338.jpeg 450w, https:\/\/www.atleticaverbano.it\/wp-content\/uploads\/2017\/03\/WhatsApp-Image-2017-11-24-at-23.44.42-1200x900.jpeg 1200w, https:\/\/www.atleticaverbano.it\/wp-content\/uploads\/2017\/03\/WhatsApp-Image-2017-11-24-at-23.44.42.jpeg 1600w\" sizes=\"(max-width: 1024px) 100vw, 1024px\" \/><\/figure>\n\n\n\n<p>Non ci lasceranno mai pi\u00f9, ed il bianco-rosso rester\u00e0 per sempre in tutte le divise ufficiali e canotte gara dei tesserati AV cos\u00ec come lo storico logo sfiammato.<\/p>\n\n\n\n<figure class=\"wp-block-image size-full\"><img loading=\"lazy\" decoding=\"async\" width=\"800\" height=\"533\" src=\"https:\/\/www.atleticaverbano.it\/wp-content\/uploads\/2017\/03\/1500m-22.jpg\" alt=\"\" class=\"wp-image-3816\" srcset=\"https:\/\/www.atleticaverbano.it\/wp-content\/uploads\/2017\/03\/1500m-22.jpg 800w, https:\/\/www.atleticaverbano.it\/wp-content\/uploads\/2017\/03\/1500m-22-300x200.jpg 300w, https:\/\/www.atleticaverbano.it\/wp-content\/uploads\/2017\/03\/1500m-22-768x512.jpg 768w, https:\/\/www.atleticaverbano.it\/wp-content\/uploads\/2017\/03\/1500m-22-150x100.jpg 150w, https:\/\/www.atleticaverbano.it\/wp-content\/uploads\/2017\/03\/1500m-22-450x300.jpg 450w\" sizes=\"(max-width: 800px) 100vw, 800px\" \/><\/figure>\n\n\n\n<p>Cos\u00ec correndo si giunge al <strong>2009<\/strong> e ad un nuovo riassetto societario, <strong>con la carica di presidente viene eletto Giuseppe Dascanio.<\/strong> E\u2019 un momento cruciale, ma il nuovo gruppo dirigente, e tutti i tesserati rimasti, reagiscono con forza di volont\u00e0 e vigore e, dopo un breve periodo di assestamento, AV rifiorisce e riparte con ancora pi\u00f9 slancio.<\/p>\n\n\n\n<figure class=\"wp-block-image size-large\"><img loading=\"lazy\" decoding=\"async\" width=\"1024\" height=\"682\" src=\"https:\/\/www.atleticaverbano.it\/wp-content\/uploads\/2017\/01\/11145154_492831527548850_3264457086559535758_n-1-1024x682.jpg\" alt=\"\" class=\"wp-image-3634\" srcset=\"https:\/\/www.atleticaverbano.it\/wp-content\/uploads\/2017\/01\/11145154_492831527548850_3264457086559535758_n-1-1024x682.jpg 1024w, https:\/\/www.atleticaverbano.it\/wp-content\/uploads\/2017\/01\/11145154_492831527548850_3264457086559535758_n-1-300x200.jpg 300w, https:\/\/www.atleticaverbano.it\/wp-content\/uploads\/2017\/01\/11145154_492831527548850_3264457086559535758_n-1-768x512.jpg 768w, https:\/\/www.atleticaverbano.it\/wp-content\/uploads\/2017\/01\/11145154_492831527548850_3264457086559535758_n-1-1536x1024.jpg 1536w, https:\/\/www.atleticaverbano.it\/wp-content\/uploads\/2017\/01\/11145154_492831527548850_3264457086559535758_n-1-150x100.jpg 150w, https:\/\/www.atleticaverbano.it\/wp-content\/uploads\/2017\/01\/11145154_492831527548850_3264457086559535758_n-1-450x300.jpg 450w, https:\/\/www.atleticaverbano.it\/wp-content\/uploads\/2017\/01\/11145154_492831527548850_3264457086559535758_n-1-1200x800.jpg 1200w, https:\/\/www.atleticaverbano.it\/wp-content\/uploads\/2017\/01\/11145154_492831527548850_3264457086559535758_n-1.jpg 2000w\" sizes=\"(max-width: 1024px) 100vw, 1024px\" \/><\/figure>\n\n\n\n<p>Gli iscritti ed i simpatizzanti aumentano oltre quota 100 , mentre le specialit\u00e0 di gara, complici anche le tante proposte, portano Atletica Verbano a partecipare con profitto ed ottimi risultati ai vari campionati provinciali, regionali fino ai nazionali.<br><br>Si spazia dalla corsa su strada, ai cross, ai trail e alle gare di lunga distanza in montagna come le ultramaratone.<\/p>\n\n\n\n<p>Atletica Verbano, nel corso della sua storia, si \u00e8 contraddistinta per la partecipazione a tante gare con ottimi risultati fino a livelli nazionali, basti citare il <strong>5\u00b0 posto al Campionato di Corsa in Montagna di Adrara San Martino nel 2009<\/strong>, e di recente il <strong>7\u00b0posto ai Campionati Italiani di Corsa in Montagna a Dolcedo (2017),<\/strong> ma ha anche saputo prendere per mano l\u2019organizzazione di gare storiche come <strong>la Cittiglio-Vararo.<br>\nNata nel lontano 1973 <\/strong>\u00e8 tutt\u2019oggi un piccolo gioiello di corsa in salita su strada intitolata alla <strong>memoria della famiglia Traversi.<\/strong><\/p>\n\n\n\n<p>AV ha anche creato, ha infatti <strong>ideato e lanciato nel 2001 il mitico cross del Vallone, dal 2004 trofeo alla memoria di Mario Sangalli,<\/strong> una pietra miliare nella storia del podismo lombardo. Il \u201cVallone\u201d \u00e8 ancora oggi campo di gara di campionati provinciali e regionali, da qualche anno \u00e8 stato inserito nel prestigioso Trofeo Monga portando atleti da tutta la Lombardia.<\/p>\n\n\n\n<figure class=\"wp-block-image size-full\"><img loading=\"lazy\" decoding=\"async\" width=\"800\" height=\"533\" src=\"https:\/\/www.atleticaverbano.it\/wp-content\/uploads\/2017\/03\/IMG_0428.jpg\" alt=\"\" class=\"wp-image-4238\" srcset=\"https:\/\/www.atleticaverbano.it\/wp-content\/uploads\/2017\/03\/IMG_0428.jpg 800w, https:\/\/www.atleticaverbano.it\/wp-content\/uploads\/2017\/03\/IMG_0428-300x200.jpg 300w, https:\/\/www.atleticaverbano.it\/wp-content\/uploads\/2017\/03\/IMG_0428-768x512.jpg 768w, https:\/\/www.atleticaverbano.it\/wp-content\/uploads\/2017\/03\/IMG_0428-150x100.jpg 150w, https:\/\/www.atleticaverbano.it\/wp-content\/uploads\/2017\/03\/IMG_0428-450x300.jpg 450w\" sizes=\"(max-width: 800px) 100vw, 800px\" \/><\/figure>\n\n\n\n<p><strong>Dal 2004 AV<\/strong>, con il supporto del comune di Orino e le associazioni locali, collabora attivamente all\u2019organizzazione del <strong>Circuito di Orino, gara su strada serale di breve<\/strong> distanza nata da una felice idea di Martino Ghielmi a scopo benefico.<\/p>\n\n\n\n<p>Ed infine negli ultimi anni, complice Marco Negri, e gli Alpini di Brinzio&nbsp;ecco nata la <strong>nostra corsa in montagna: il giro del Masso Erratico<\/strong>. Uno spettacolare ed intenso percorso di circa 10 Km sui sentieri del versante nord del Parco del Campo dei Fiori.<\/p>\n\n\n\n<p><strong>Senza la nostra storia non avremmo futuro, ed \u00e8 per questo motivo che AV ringrazia di cuore tutti gli atleti, e gli amici, che in questi anni ci hanno onorato con la propria partecipazione ed hanno donato tanto amore alla causa bianco-rossa<\/strong>.<\/p>\n\n\n\n<p>&nbsp;<\/p>\n","protected":false},"excerpt":{"rendered":"<p>Da una costola del Gruppo Marciatori Inda, i cui colori sociali erano bianco e blu, con il nome di \u00a0Atletica Galbar, e grazie alla collaborazione di Severino Traversi ed i fratelli Gallio, titolari della ditta Galbar,\u00a0inizia la storia di Atletica Verbano&#8230;era il 13 Dicembre\u00a01984! Con ben 32 iscritti, sede societaria a Cittiglio, colori sociali bianco-azzurri<\/p>\n","protected":false},"author":1,"featured_media":0,"parent":0,"menu_order":0,"comment_status":"closed","ping_status":"closed","template":"","meta":{"footnotes":""},"class_list":["post-3374","page","type-page","status-publish"],"_links":{"self":[{"href":"https:\/\/www.atleticaverbano.it\/index.php?rest_route=\/wp\/v2\/pages\/3374","targetHints":{"allow":["GET"]}}],"collection":[{"href":"https:\/\/www.atleticaverbano.it\/index.php?rest_route=\/wp\/v2\/pages"}],"about":[{"href":"https:\/\/www.atleticaverbano.it\/index.php?rest_route=\/wp\/v2\/types\/page"}],"author":[{"embeddable":true,"href":"https:\/\/www.atleticaverbano.it\/index.php?rest_route=\/wp\/v2\/users\/1"}],"replies":[{"embeddable":true,"href":"https:\/\/www.atleticaverbano.it\/index.php?rest_route=%2Fwp%2Fv2%2Fcomments&post=3374"}],"version-history":[{"count":2,"href":"https:\/\/www.atleticaverbano.it\/index.php?rest_route=\/wp\/v2\/pages\/3374\/revisions"}],"predecessor-version":[{"id":5613,"href":"https:\/\/www.atleticaverbano.it\/index.php?rest_route=\/wp\/v2\/pages\/3374\/revisions\/5613"}],"wp:attachment":[{"href":"https:\/\/www.atleticaverbano.it\/index.php?rest_route=%2Fwp%2Fv2%2Fmedia&parent=3374"}],"curies":[{"name":"wp","href":"https:\/\/api.w.org\/{rel}","templated":true}]}}